{"id":9,"date":"2024-11-29T11:46:56","date_gmt":"2024-11-29T10:46:56","guid":{"rendered":"https:\/\/www.backideal.com\/?page_id=9"},"modified":"2025-12-24T09:26:04","modified_gmt":"2025-12-24T09:26:04","slug":"startseite-baeckerei-ideal","status":"publish","type":"page","link":"https:\/\/backideal.com\/","title":{"rendered":"Startseite &#8211; B\u00e4ckerei Ideal"},"content":{"rendered":"<p style=\"text-align: center;\"><span style=\"background-color: #ffff99; font-size: 28px; font-family: arial, helvetica, sans-serif;\"><strong>Neue Telefon-Nummer B\u00fcro: 02269 &#8211; 21353<\/strong><\/span><\/p>\n<p style=\"text-align: center;\"><span style=\"background-color: #ccffcc; font-family: arial, helvetica, sans-serif;\"><strong><span style=\"font-size: 28px; background-color: #ccffcc;\">Tel. Hotline: 0676 504 2665 <span style=\"font-size: 20px;\">(Keine Mehrwertnummer, daf\u00fcr Rechnung per Minute 2,50 !! )<\/span><\/span><\/strong><\/span><\/p>\n<p style=\"text-align: center;\"><span style=\"background-color: #ffcc99; font-family: arial, helvetica, sans-serif;\"><strong><span style=\"font-size: 28px; background-color: #ffcc99;\">Lebenslange und kostenlose Hilfe + Unterst\u00fctzung per e-Mail an office@syspredl.com<\/span><\/strong><\/span><\/p>\n<p style=\"text-align: center;\"><a href=\"https:\/\/wiki.backideal.com\"><span style=\"text-decoration: underline; font-family: arial, helvetica, sans-serif;\"><span style=\"color: #000000;\"><strong><span style=\"font-size: 24pt;\"><span style=\"color: #0000ff; text-decoration: underline;\"><span style=\"font-size: 18pt;\">Zum neuen Hilfe-System von B\u00e4ckerei Ideal<\/span><\/span><\/span><\/strong><\/span><\/span><\/a><\/p>\n<p><span style=\"font-family: arial, helvetica, sans-serif;\"><span style=\"font-size: 24px;\"><strong>B\u00e4ckerei Ideal <\/strong><\/span>ist eine Neu-Entwicklung auf Basis des erfolgreichen B\u00e4ckerei-Programmes <strong>B\u00e4ckerei Plus! V2.<\/strong> <\/span><\/p>\n<p><span style=\"font-family: arial, helvetica, sans-serif;\">Eine moderne Benutzeroberfl\u00e4che gibt es nun und h\u00f6chst innovative und absolut neue M\u00f6glichkeiten! <strong>B\u00e4ckerei Plus! V2<\/strong> bleibt selbstverst\u00e4ndlich neben k\u00fcnftigen B\u00e4ckerei-Programmen aus unserem Hause bestehen und wird weiterhin verkauft und nat\u00fcrlich auch gewartet!<\/span><\/p>\n<p><span style=\"font-family: arial, helvetica, sans-serif;\">Sehen Sie sich <strong>die Leistungsbeschreibung<\/strong> von <strong>B\u00e4ckerei Ideal<\/strong> auf Youtube an:<br \/>\n<\/span><\/p>\n<p><a href=\"https:\/\/backideal.com\/index.php\/beschreibung\/was-kann-baeckerei-ideal\/\"><span style=\"font-family: arial, helvetica, sans-serif;\"><span style=\"text-decoration: underline;\"><span style=\"color: #0000ff; text-decoration: underline;\">Zur kurzen Leistungs-\u00dcbersicht zu B\u00e4ckerei Ideal!<\/span><\/span><\/span><\/a><\/p>\n<p><span style=\"font-family: arial, helvetica, sans-serif;\">Was unterscheidet B\u00e4ckerei Ideal! von B\u00e4ckerei Plus! V2?<\/span><\/p>\n<p><span style=\"font-family: arial, helvetica, sans-serif;\">Was unterscheidet B\u00e4ckerei Ideal von B\u00e4ckerei 2003<\/span><\/p>\n<p><img loading=\"lazy\" decoding=\"async\" class=\"aligncenter wp-image-39 size-large\" src=\"https:\/\/www.backideal.com\/wp-content\/uploads\/2025\/03\/Hauptmenue02-1024x576.png\" alt=\"\" width=\"740\" height=\"416\" srcset=\"https:\/\/backideal.com\/wp-content\/uploads\/2025\/03\/Hauptmenue02-1024x576.png 1024w, https:\/\/backideal.com\/wp-content\/uploads\/2025\/03\/Hauptmenue02-300x169.png 300w, https:\/\/backideal.com\/wp-content\/uploads\/2025\/03\/Hauptmenue02-768x432.png 768w, https:\/\/backideal.com\/wp-content\/uploads\/2025\/03\/Hauptmenue02-1536x865.png 1536w, https:\/\/backideal.com\/wp-content\/uploads\/2025\/03\/Hauptmenue02-2048x1153.png 2048w\" sizes=\"auto, (max-width: 740px) 100vw, 740px\" \/><\/p>\n<p>&nbsp;<\/p>\n<p>&nbsp;<\/p>\n","protected":false},"excerpt":{"rendered":"<p>Neue Telefon-Nummer B\u00fcro: 02269 &#8211; 21353 Tel. Hotline: 0676 504 2665 (Keine Mehrwertnummer, daf\u00fcr Rechnung per Minute 2,50 !! ) Lebenslange und kostenlose Hilfe + Unterst\u00fctzung per e-Mail an office@syspredl.com Zum neuen Hilfe-System von B\u00e4ckerei Ideal B\u00e4ckerei Ideal ist eine Neu-Entwicklung auf Basis des erfolgreichen B\u00e4ckerei-Programmes B\u00e4ckerei Plus! V2. Eine moderne Benutzeroberfl\u00e4che gibt es nun [&hellip;]<\/p>\n","protected":false},"author":1,"featured_media":0,"parent":0,"menu_order":0,"comment_status":"closed","ping_status":"open","template":"page-full.php","meta":{"footnotes":""},"class_list":["post-9","page","type-page","status-publish","hentry"],"_links":{"self":[{"href":"https:\/\/backideal.com\/index.php\/wp-json\/wp\/v2\/pages\/9","targetHints":{"allow":["GET"]}}],"collection":[{"href":"https:\/\/backideal.com\/index.php\/wp-json\/wp\/v2\/pages"}],"about":[{"href":"https:\/\/backideal.com\/index.php\/wp-json\/wp\/v2\/types\/page"}],"author":[{"embeddable":true,"href":"https:\/\/backideal.com\/index.php\/wp-json\/wp\/v2\/users\/1"}],"replies":[{"embeddable":true,"href":"https:\/\/backideal.com\/index.php\/wp-json\/wp\/v2\/comments?post=9"}],"version-history":[{"count":20,"href":"https:\/\/backideal.com\/index.php\/wp-json\/wp\/v2\/pages\/9\/revisions"}],"predecessor-version":[{"id":207,"href":"https:\/\/backideal.com\/index.php\/wp-json\/wp\/v2\/pages\/9\/revisions\/207"}],"wp:attachment":[{"href":"https:\/\/backideal.com\/index.php\/wp-json\/wp\/v2\/media?parent=9"}],"curies":[{"name":"wp","href":"https:\/\/api.w.org\/{rel}","templated":true}]}}