{"id":162,"date":"2025-04-13T10:27:32","date_gmt":"2025-04-13T08:27:32","guid":{"rendered":"https:\/\/www.backideal.com\/?page_id=162"},"modified":"2025-04-13T10:29:04","modified_gmt":"2025-04-13T08:29:04","slug":"dienstleistungen-zu-baeckerei-ideal","status":"publish","type":"page","link":"https:\/\/backideal.com\/index.php\/preise\/dienstleistungen-zu-baeckerei-ideal\/","title":{"rendered":"Dienstleistungen zu B\u00e4ckerei Ideal!"},"content":{"rendered":"<p><span style=\"font-family: arial, helvetica, sans-serif; font-size: 14pt;\">Die von uns gebotenen Dienstleistungen sind vielf\u00e4ltig. Wir k\u00f6nnen Ihre Hardware sowie die Betriebssystem-Software einrichten und verwendungsfertig machen (wir selbst liefern nur Spezial-Hardware wie Etikettendrucker und Kassensysteme, Kassendrucker etc, aber keine Computer, keine Bildschirme und keine Wald- und Wiesen-Drucker, die k\u00f6nnen Sie beim n\u00e4chsten Diskonter billiger bekommen). Wir programmieren laut Angebot alle m\u00f6glichen kundenspezifischen Programme oder Zus\u00e4tze zu unseren Programmen. Wir beheben Fehler und Defekte an Ihrem Computer- oder Kassen-System und an Ihrem B\u00e4ckerei-Programm, schulen Sie auf die Verwendung unserer Programme ein, installieren unsere Programme usw. Sie haben ein Problem? Einfach nachfragen! Die Kosten:<\/span><\/p>\n<h4><span style=\"font-family: arial, helvetica, sans-serif; font-size: 14pt;\"><strong>Je Arbeitsstunde 100,- Euro<\/strong><\/span><\/h4>\n<h4><span style=\"font-family: arial, helvetica, sans-serif; font-size: 14pt;\"><strong>je Schulungsstunde 90,- Euro<\/strong><\/span><\/h4>\n<h4><span style=\"font-family: arial, helvetica, sans-serif; font-size: 14pt;\"><strong>Fahrtkosten je Kilometer 0,90 Euro<\/strong><\/span><\/h4>\n<p><span style=\"font-family: arial, helvetica, sans-serif; font-size: 14pt;\">(Die Fahrzeit ist in den Fahrtkosten mit inbegriffen!) es wird immer die Strecke von 2004 Niederhollabrunn, Leebergstra\u00dfe 10 bis zu ihrem Standort <strong>hin und zur\u00fcck<\/strong> verrechnet. Sie \u00fcberpr\u00fcfen die verrechnete Entfernung bequem mittels Google Maps!<\/span><\/p>\n<h4><span style=\"font-family: arial, helvetica, sans-serif; font-size: 14pt;\"><strong>Versandkosten f\u00fcr Zubeh\u00f6r 8<\/strong><strong>,- je Paket. Ausnahme: In den Paket-Preisen f\u00fcr <\/strong><strong>Endlospapier sind die Versandkosten schon enthalten!<br \/>\n<\/strong><\/span><\/h4>\n<h4><span style=\"font-family: arial, helvetica, sans-serif; font-size: 14pt;\"><strong>Fernwartung je Einsatz 39,- Euro, f\u00fcr jede weitere halbe Stunde 50,- Euro<br \/>\n<\/strong><\/span><\/h4>\n<p>&nbsp;<\/p>\n<p><span style=\"font-family: arial, helvetica, sans-serif; font-size: 14pt;\"><strong>alle Preise exkl. 20% MwSt.<\/strong><\/span><\/p>\n","protected":false},"excerpt":{"rendered":"<p>Die von uns gebotenen Dienstleistungen sind vielf\u00e4ltig. Wir k\u00f6nnen Ihre Hardware sowie die Betriebssystem-Software einrichten und verwendungsfertig machen (wir selbst liefern nur Spezial-Hardware wie Etikettendrucker und Kassensysteme, Kassendrucker etc, aber keine Computer, keine Bildschirme und keine Wald- und Wiesen-Drucker, die k\u00f6nnen Sie beim n\u00e4chsten Diskonter billiger bekommen). Wir programmieren laut Angebot alle m\u00f6glichen kundenspezifischen Programme [&hellip;]<\/p>\n","protected":false},"author":1,"featured_media":0,"parent":57,"menu_order":4,"comment_status":"closed","ping_status":"closed","template":"page-s8c0d.php","meta":{"footnotes":""},"class_list":["post-162","page","type-page","status-publish","hentry"],"_links":{"self":[{"href":"https:\/\/backideal.com\/index.php\/wp-json\/wp\/v2\/pages\/162","targetHints":{"allow":["GET"]}}],"collection":[{"href":"https:\/\/backideal.com\/index.php\/wp-json\/wp\/v2\/pages"}],"about":[{"href":"https:\/\/backideal.com\/index.php\/wp-json\/wp\/v2\/types\/page"}],"author":[{"embeddable":true,"href":"https:\/\/backideal.com\/index.php\/wp-json\/wp\/v2\/users\/1"}],"replies":[{"embeddable":true,"href":"https:\/\/backideal.com\/index.php\/wp-json\/wp\/v2\/comments?post=162"}],"version-history":[{"count":2,"href":"https:\/\/backideal.com\/index.php\/wp-json\/wp\/v2\/pages\/162\/revisions"}],"predecessor-version":[{"id":164,"href":"https:\/\/backideal.com\/index.php\/wp-json\/wp\/v2\/pages\/162\/revisions\/164"}],"up":[{"embeddable":true,"href":"https:\/\/backideal.com\/index.php\/wp-json\/wp\/v2\/pages\/57"}],"wp:attachment":[{"href":"https:\/\/backideal.com\/index.php\/wp-json\/wp\/v2\/media?parent=162"}],"curies":[{"name":"wp","href":"https:\/\/api.w.org\/{rel}","templated":true}]}}