{"id":147,"date":"2025-04-13T10:15:02","date_gmt":"2025-04-13T08:15:02","guid":{"rendered":"https:\/\/www.backideal.com\/?page_id=147"},"modified":"2025-04-13T10:21:31","modified_gmt":"2025-04-13T08:21:31","slug":"das-preisblatt-zu-baeckerei-ideal","status":"publish","type":"page","link":"https:\/\/backideal.com\/index.php\/preise\/das-preisblatt-zu-baeckerei-ideal\/","title":{"rendered":"Das Preisblatt zu B\u00e4ckerei Ideal!"},"content":{"rendered":"<h3><span style=\"font-family: arial, helvetica, sans-serif; font-size: 14pt; background-color: #ffff99;\"><strong>Achtung! Dieses Preisblatt f\u00fcr B\u00e4ckerei Ideal! befindet sich in Ausarbeitung!<\/strong><\/span><\/h3>\n<h3><span style=\"font-family: arial, helvetica, sans-serif; font-size: 14pt;\"><strong>B\u00e4ckerei Ideal! \u2013 eine Lizenz erwerben<\/strong><\/span><\/h3>\n<h4><span style=\"font-family: arial, helvetica, sans-serif; font-size: 14pt;\"><strong>Einplatz-Version + Mehrplatz-Version von B\u00e4ckerei Ideal! \u2013 Kaufpreis 1.990,-<\/strong><\/span><\/h4>\n<p><span style=\"font-family: arial, helvetica, sans-serif; font-size: 14pt;\">Mit <strong>B\u00e4ckerei Ideal!<\/strong> unterscheiden wir nicht mehr zwischen Einplatz- und Mehrplatz-Versionen wie zB bei <strong>B\u00e4ckerei 2003<\/strong>. Die Datenbank HFSQL Classic kann lokal oder auch auf einem lokalen Server oder einem NAS-Laufwerk (mit Laufwerksnummer zB Z:) laufen. Mit der Datenbank HFSQL Client\/Server kann lokal, lokal auf einem Server im LAN oder auf einem Web-Server (Windows oder Linux bei einem Provider) gearbeitet werden. Damit ist die Datenbank HFSQL Client\/Server auch \u00fcber das Internet erreichbar. Die Installation und Einrichtung der Datenbank HyperFileSQL Client\/Server kann gerne per Fernwartung von uns erledigt werden, allerdings gegen Berechnung des Aufwands (<a href=\"https:\/\/www.backprima.at\/?page_id=338\">siehe <strong>Dienstleistungen<\/strong><\/a>).<\/span><\/p>\n<p><span style=\"font-family: arial, helvetica, sans-serif; font-size: 14pt;\"><strong>Umstieg auf B\u00e4ckerei Ideal! von B\u00e4ckerei Plus! V2: 1.490,-<\/strong><\/span><\/p>\n<p><span style=\"font-family: arial, helvetica, sans-serif; font-size: 14pt;\"><strong>Umstieg auf B\u00e4ckerei Ideal! von B\u00e4ckerei 2003 \/ Einplatz oder Mehrplatz: 1.490,-<\/strong><\/span><\/p>\n<p><span style=\"font-family: arial, helvetica, sans-serif; font-size: 14pt;\"><strong>Umstieg auf B\u00e4ckerei Ideal! von einem Mitbewerber-Programm 1.590,-<\/strong><\/span><\/p>\n<table class=\"alignleft\" border=\"1\">\n<tbody>\n<tr>\n<td>\n<h4><span style=\"font-family: arial, helvetica, sans-serif; font-size: 14pt;\"><strong>Zur Beachtung!<\/strong> F\u00fcr jeden Kauf von <strong>B\u00e4ckerei Ideal!<\/strong> ist es Voraussetzung, dass Sie das Programm zuvor auf seine Tauglichkeit f\u00fcr Ihren Betrieb getestet haben! Wir bieten Ihnen nicht nur eine <strong>kostenlose (eingeschr\u00e4nkte) Demo-Version<\/strong> zum Ausprobieren an, Sie k\u00f6nnen auch die <strong>Lizenz f\u00fcr eine kostenlose, uneingeschr\u00e4nkte 60-Tage-Version<\/strong> anfordern und so das Programm 2 Monate lang in allen Aspekten testen. Wir bieten daher keine \u201eGeld-zur\u00fcck bei Nichtgefallen\u201c-Politik an, wir setzen voraus, dass Sie das Programm vor dem Kauf ausf\u00fchrlich getestet und f\u00fcr Ihren Betrieb passend befunden haben!<\/span><\/h4>\n<\/td>\n<\/tr>\n<\/tbody>\n<\/table>\n<h4><span style=\"font-family: arial, helvetica, sans-serif; font-size: 14pt;\">\u00a0<strong>Kostenlose 60-Tage-Testversion von B\u00e4ckerei Ideal!<\/strong><\/span><\/h4>\n<p><span style=\"font-family: arial, helvetica, sans-serif; font-size: 14pt;\"><strong>Test-Version:<\/strong> die lizenzlose download-Version von <strong>B\u00e4ckerei Ideal!<\/strong> ist automatisch eine <strong>Test-Version<\/strong>, die unbegrenzt lange verwendet werden darf. Nat\u00fcrlich darf bzw. kann die Test-Version nicht f\u00fcr den Echtbetrieb verwendet werden, Einschr\u00e4nkungen der Zahl der Kunden und der Artikel, Hinweise am Bildschirm, entsprechende gedruckte Hinweise auf den Belegen erg\u00e4nzen das.<\/span><\/p>\n<p><span style=\"font-family: arial, helvetica, sans-serif; font-size: 14pt;\"><strong>60-Tage-Test-Version:<\/strong> Auf Anfrage erhalten Sie von uns gerne eine <strong>kostenlose 60-Tage-Lizenz<\/strong> auf Ihren Namen und mit den von Ihnen gew\u00fcnschten Optionen. Damit k\u00f6nnen Sie im Echtbetrieb arbeiten, k\u00f6nnen zB <strong>B\u00e4ckerei Ideal!<\/strong> mit Client\/Server Datenbank verwenden, k\u00f6nnen Optionen wie Etikettendruck, SPAR-Abrechnung oder ein EDI-Interface verwenden. Sie k\u00f6nnen diese Test-Lizenz als Miete mit 1\/60 des Kaufpreises pro Monat beliebig verl\u00e4ngern!<\/span><\/p>\n<h4><span style=\"font-family: arial, helvetica, sans-serif; font-size: 14pt;\"><strong>B\u00e4ckerei Ideal! mieten<\/strong><\/span><\/h4>\n<p><span style=\"font-family: arial, helvetica, sans-serif; font-size: 14pt;\"><strong>B\u00e4ckerei Ideal!<\/strong> kann auch gemietet werden. Die Kosten pro Monat betragen 1\/60-stel des Kaufpreises des genutzten Programmes und seiner Optionen. Nach Zahlungseingang erhalten Sie von uns dann jeweils eine Lizenz, die bis zum Ablaufdatum der von Ihnen bezahlten Frist reicht. Ab dem 60. bezahlten Monat erhalten Sie von uns eine unbegrenzte Lizenz. Gemietete Versionen von <strong>B\u00e4ckerei Ideal!<\/strong> funktionieren immer nur in Verbindung mit einer Internet-Verbindung zu unserem Server, bei Nichtbezahlung einer Monatsmiete ist der Zugriff aufs Programm gesperrt!<\/span><\/p>\n<h4><span style=\"font-family: arial, helvetica, sans-serif; font-size: 14pt;\"><strong>Optionen (= Zus\u00e4tze) zu B\u00e4ckerei Ideal! (alle erst sp\u00e4ter erh\u00e4ltlich! Die Kosten f\u00fcr Ein- oder Mehrplatz sind identisch!)<br \/>\n<\/strong><\/span><\/h4>\n<p><span style=\"font-family: arial, helvetica, sans-serif; font-size: 14pt;\"><strong>REWE \/eXite EDI-Interface (ORDERS, DESADV, INVOICE) 500,- (Umstieg von B\u00e4ckerei 2003: 200,-)<\/strong><\/span><\/p>\n<p><span style=\"font-family: arial, helvetica, sans-serif; font-size: 14pt;\"><strong>Sodexo \/ eXite EDI-Interface (ORDERS, DESADV, PRICAT) 500,- (Umstieg von B\u00e4ckerei 2003: 200,-)<\/strong><\/span><\/p>\n<p><span style=\"font-family: arial, helvetica, sans-serif; font-size: 14pt;\"><strong>Falkensteiner \/ eXite EDI-Interface (ORDERS, DESADV, PRICAT) 500,- (Umstieg von B\u00e4ckerei 2003: 200,-)<\/strong><\/span><\/p>\n<p><span style=\"font-family: arial, helvetica, sans-serif; font-size: 14pt;\"><strong>HOGAST \/ e-Mail EDI-Interface (ORDERS, DESADV, INVOICE, PRICAT) 500,- (Umstieg von B\u00e4ckerei 2003: 200,-)<\/strong><\/span><\/p>\n<p><span style=\"font-family: arial, helvetica, sans-serif; font-size: 14pt;\"><strong>RECHNUNGEN BUND (ERB = Elektronische Rechnungen Bund) 500,- (Umstieg von B\u00e4ckerei 2003: 200,-)<\/strong><\/span><\/p>\n<p><span style=\"font-family: arial, helvetica, sans-serif; font-size: 14pt;\"><strong>METRO \/ eXite EDI-Interface (ORDERS, DESADV, INVOICE, PRICAT) 500,-<\/strong><\/span><\/p>\n<p><span style=\"font-family: arial, helvetica, sans-serif; font-size: 14pt;\"><strong>SPAR OCR-Rechnungen (noch kein Preis bekannt)<\/strong><\/span><\/p>\n<p><span style=\"font-family: arial, helvetica, sans-serif; font-size: 14pt;\"><strong>Endlos-Etiketten-Druck (Windows) 249,- (Umstieg von B\u00e4ckerei 2003: 100,-)<\/strong><\/span><\/p>\n<p><span style=\"font-family: arial, helvetica, sans-serif; font-size: 14pt;\"><strong>SEPA-Zahlscheine drucken (noch kein Preis bekannt)<br \/>\n<\/strong><\/span><\/p>\n<p><span style=\"font-family: arial, helvetica, sans-serif; font-size: 14pt;\"><strong>A4-Etiketten-Druck (noch kein Preis bekannt)<br \/>\n<\/strong><\/span><\/p>\n<p><span style=\"font-family: arial, helvetica, sans-serif; font-size: 14pt;\"><strong>Zusatz SPAR-Abrechnungen (neu): Preis noch unbekannt, wird nach Absprache mit der SPAR AG ver\u00f6ffentlicht.<\/strong><\/span><\/p>\n<p><span style=\"font-family: arial, helvetica, sans-serif; font-size: 14pt;\"><strong>Zusatz Erfassung der Liefer- und Retourmengen per Waage: unterschiedlich je nach Waagentyp, Preis auf Anfrage<\/strong><\/span><\/p>\n<p><span style=\"font-family: arial, helvetica, sans-serif; font-size: 14pt;\"><strong>Einz\u00e4hltabellen \/ Einz\u00e4hllisten sind in B\u00e4ckerei Ideal! immer automatisch enthalten!<\/strong><\/span><\/p>\n<p><span style=\"font-family: arial, helvetica, sans-serif; font-size: 14pt;\"><strong>Anmerkung:<\/strong> f\u00fcr die <strong>Daten\u00fcbernahme<\/strong> aus <strong>B\u00e4ckerei Plus! V2<\/strong> sowie aus <strong>B\u00e4ckerei 2003<\/strong> stehen \u2013 <span style=\"text-decoration: underline;\">nur in der lizensierten Version<\/span> von <strong>B\u00e4ckerei Ideal!<\/strong> \u2013 die entsprechenden automatischen Daten-\u00dcbernahmsprogramme zur Verf\u00fcgung! Wer noch <strong>B\u00e4ckerei Plus! V1<\/strong> hat, muss vor dem Umstieg auf <strong>B\u00e4ckerei Ideal!<\/strong> noch auf <strong>B\u00e4ckerei Plus! V2<\/strong> umsteigen, was ja bekanntlich kostenfrei ist.<\/span><\/p>\n<p>&nbsp;<\/p>\n","protected":false},"excerpt":{"rendered":"<p>Achtung! Dieses Preisblatt f\u00fcr B\u00e4ckerei Ideal! befindet sich in Ausarbeitung! B\u00e4ckerei Ideal! \u2013 eine Lizenz erwerben Einplatz-Version + Mehrplatz-Version von B\u00e4ckerei Ideal! \u2013 Kaufpreis 1.990,- Mit B\u00e4ckerei Ideal! unterscheiden wir nicht mehr zwischen Einplatz- und Mehrplatz-Versionen wie zB bei B\u00e4ckerei 2003. Die Datenbank HFSQL Classic kann lokal oder auch auf einem lokalen Server oder einem [&hellip;]<\/p>\n","protected":false},"author":1,"featured_media":0,"parent":57,"menu_order":2,"comment_status":"closed","ping_status":"closed","template":"page-s8c0d.php","meta":{"footnotes":""},"class_list":["post-147","page","type-page","status-publish","hentry"],"_links":{"self":[{"href":"https:\/\/backideal.com\/index.php\/wp-json\/wp\/v2\/pages\/147","targetHints":{"allow":["GET"]}}],"collection":[{"href":"https:\/\/backideal.com\/index.php\/wp-json\/wp\/v2\/pages"}],"about":[{"href":"https:\/\/backideal.com\/index.php\/wp-json\/wp\/v2\/types\/page"}],"author":[{"embeddable":true,"href":"https:\/\/backideal.com\/index.php\/wp-json\/wp\/v2\/users\/1"}],"replies":[{"embeddable":true,"href":"https:\/\/backideal.com\/index.php\/wp-json\/wp\/v2\/comments?post=147"}],"version-history":[{"count":6,"href":"https:\/\/backideal.com\/index.php\/wp-json\/wp\/v2\/pages\/147\/revisions"}],"predecessor-version":[{"id":153,"href":"https:\/\/backideal.com\/index.php\/wp-json\/wp\/v2\/pages\/147\/revisions\/153"}],"up":[{"embeddable":true,"href":"https:\/\/backideal.com\/index.php\/wp-json\/wp\/v2\/pages\/57"}],"wp:attachment":[{"href":"https:\/\/backideal.com\/index.php\/wp-json\/wp\/v2\/media?parent=147"}],"curies":[{"name":"wp","href":"https:\/\/api.w.org\/{rel}","templated":true}]}}