{"id":13,"date":"2024-11-29T11:58:33","date_gmt":"2024-11-29T10:58:33","guid":{"rendered":"https:\/\/www.backideal.com\/?page_id=13"},"modified":"2025-03-31T07:50:05","modified_gmt":"2025-03-31T05:50:05","slug":"impressum","status":"publish","type":"page","link":"https:\/\/backideal.com\/index.php\/impressum\/","title":{"rendered":"Impressum"},"content":{"rendered":"<p><span style=\"font-family: arial, helvetica, sans-serif; font-size: 12pt;\">Die Angaben erfolgen gem\u00e4\u00df GewO, \u00a714 UGB, \u00a75 ECG und \u00a724 MedienG:<\/span><\/p>\n<h2><span style=\"font-family: arial, helvetica, sans-serif; font-size: 12pt;\">Firmenwortlaut und Sitz des Unternehmens<\/span><\/h2>\n<p><span style=\"color: #800000; font-family: arial, helvetica, sans-serif; font-size: 12pt;\"><strong>Systemhaus Predl Informationstechnologie-GesmbH<\/strong><\/span><br \/>\n<span style=\"font-family: arial, helvetica, sans-serif; font-size: 12pt;\">Leebergstrasse 10<\/span><br \/>\n<span style=\"font-family: arial, helvetica, sans-serif; font-size: 12pt;\">2004 Niederhollabrunn<\/span><br \/>\n<span style=\"font-family: arial, helvetica, sans-serif; font-size: 12pt;\">\u00d6sterreich<\/span><\/p>\n<h4><span style=\"font-family: arial, helvetica, sans-serif; font-size: 12pt;\"><strong>Telefon<\/strong> (Bestellungen Zubeh\u00f6r, Ausk\u00fcnfte f\u00fcr Kauf-Interessenten, Buchhaltung usw.): <strong>+43 (0) 2269 &#8211; 21353<\/strong><\/span><br \/>\n<span style=\"font-family: arial, helvetica, sans-serif; font-size: 12pt;\"><strong>Hotline Kassen-Software<\/strong><strong>:<\/strong> <span style=\"color: #ff0000;\"><strong>0900 &#8211; 460 424<\/strong><\/span> (Mehrwertnummer 1,56\u20ac \/ Minute, nur \u00f6sterreichweit <strong>Mo-Fr ab 17:00<\/strong> erreichbar)<\/span><\/h4>\n<h4><span style=\"font-family: arial, helvetica, sans-serif; font-size: 12pt;\"><strong>Hotline Etiketten Solo!:<\/strong> <span style=\"color: #ff0000;\"><strong>0900 &#8211; 460 424<\/strong><\/span> (Mehrwertnummer 1,56\u20ac \/ Minute, nur \u00f6sterreichweit erreichbar)<\/span><\/h4>\n<h4><span style=\"font-family: arial, helvetica, sans-serif; font-size: 12pt;\"><strong>SEPA Free!: Anfragen nur per e-Mail !<\/strong><\/span><\/h4>\n<h4><span style=\"color: #800000; font-family: arial, helvetica, sans-serif; font-size: 12pt;\"><strong>Alle Anfragen per e-mail werden <span style=\"text-decoration: underline;\">kostenlos<\/span> binnen 48 Stunden werktags beantwortet!<\/strong><\/span><\/h4>\n<p><span style=\"font-family: arial, helvetica, sans-serif; font-size: 12pt;\">(Beispiel: Anfrage am Freitag um 11 Uhr =&gt; Antwort bis sp\u00e4testens Dienstag um 11 Uhr!)<\/span><\/p>\n<h4><span style=\"font-family: arial, helvetica, sans-serif; font-size: 12pt;\"><strong>Unsere e-Mail-Adresse:\u00a0<\/strong> <a style=\"border: currentColor;\" href=\"https:\/\/www.syspredl.com\/contact-us-page\/\"><img decoding=\"async\" style=\"border: currentColor; height: 17px;\" src=\"https:\/\/www.syspredl.com\/images\/email.png\" alt=\"office [add] syspredl.com\" border=\"0\" \/><\/a><\/span><\/h4>\n<div><span style=\"background-color: #ffff99; font-family: arial, helvetica, sans-serif; font-size: 12pt;\"><strong>(Info: e-Mail-Anfragen werden von uns bevorzugt, weil wir die Antworten l\u00e4nger \u00fcberlegen<\/strong><\/span><\/div>\n<div><span style=\"background-color: #ffff99; font-family: arial, helvetica, sans-serif; font-size: 12pt;\"><strong>k\u00f6nnen und Sie damit h\u00f6here Qualit\u00e4t des Supports bei geringeren Kosten erhalten!)<\/strong><\/span><\/div>\n<p>&nbsp;<\/p>\n<div><span style=\"font-family: arial, helvetica, sans-serif; font-size: 12pt;\"><strong>Fernwartung nur mehr per PCvisit<\/strong> ( <span style=\"text-decoration: underline; color: #0000ff;\"><a style=\"color: #0000ff; text-decoration: underline;\" href=\"https:\/\/www.pcvisit.de\/kundenbereich\/downloads\/\">https:\/\/www.pcvisit.de\/kundenbereich\/downloads\/<\/a><\/span> Kunden-Modul )<\/span><\/div>\n<div><span style=\"font-family: arial, helvetica, sans-serif; font-size: 12pt;\">Das Fernwartungspauschale (dzt. 35,-) wird mit Rechnung verrechnet.<\/span><\/div>\n<p>&nbsp;<\/p>\n<div><span style=\"font-family: arial, helvetica, sans-serif; font-size: 12pt;\"><strong>Firmenbuchnnummer, Angabe des Registergerichts , UID Nummer<\/strong><\/span><\/div>\n<div><span style=\"font-family: arial, helvetica, sans-serif; font-size: 12pt;\">Firmenbuch Wien: FN 270384 z<\/span><br \/>\n<span style=\"font-family: arial, helvetica, sans-serif; font-size: 12pt;\">Beh\u00f6rde gem\u00e4\u00df ECG: Bezirkshauptmannschaft Mistelbach<\/span><br \/>\n<span style=\"font-family: arial, helvetica, sans-serif; font-size: 12pt;\">UID: ATU62215025<\/span><\/div>\n<div><\/div>\n<div><span style=\"font-family: arial, helvetica, sans-serif; font-size: 12pt;\"><strong>Mitglied# 1462454 beim <span style=\"color: #ff0000;\">KSV<\/span>1870<\/strong><\/span><\/div>\n<div><\/div>\n<h4><span style=\"font-family: arial, helvetica, sans-serif; font-size: 12pt;\"><strong>Offenlegung nach Mediengesetz<\/strong><\/span><\/h4>\n<p><span style=\"font-family: arial, helvetica, sans-serif; font-size: 12pt;\">Inhaber dieser Webseite: Systemhaus Predl Informationstechnologie-GesmbH<\/span><\/p>\n<h4><span style=\"font-family: arial, helvetica, sans-serif; font-size: 12pt;\"><strong>Gesch\u00e4ftsf\u00fchrer<\/strong><\/span><\/h4>\n<p><span style=\"font-family: arial, helvetica, sans-serif; font-size: 12pt;\">Alexander Predl und Brigitte Predl<\/span><\/p>\n<h4><span style=\"font-family: arial, helvetica, sans-serif; font-size: 12pt;\"><strong>Gesellschaftsanteile<\/strong><\/span><\/h4>\n<p><span style=\"font-family: arial, helvetica, sans-serif; font-size: 12pt;\">Gesellschafter Ing. G\u00fcnter Predl (34%), Alexander Predl (33%) und Brigitte Predl (33%)<\/span><\/p>\n<h4><span style=\"font-family: arial, helvetica, sans-serif; font-size: 12pt;\"><strong>Mitglied bei<\/strong><\/span><\/h4>\n<p><span style=\"font-family: arial, helvetica, sans-serif; font-size: 12pt;\">Wirtschaftskammer UBIT, Wirtschaftskammer\u00a0Papier- und Spielwarenhandel<\/span><\/p>\n<h4><span style=\"font-family: arial, helvetica, sans-serif; font-size: 12pt;\"><strong>Bankverbindung<\/strong><\/span><\/h4>\n<p><span style=\"font-family: arial, helvetica, sans-serif; font-size: 12pt;\">Bankname: Raiffeisenbank Stockerau eGen, Rathausplatz 2, 2000 Stockerau<\/span><br \/>\n<span style=\"font-family: arial, helvetica, sans-serif; font-size: 12pt;\">IBAN: AT35 3284 2000 0800 9383<\/span><br \/>\n<span style=\"font-family: arial, helvetica, sans-serif; font-size: 12pt;\">BIC: RLNWATWWSTO<\/span><\/p>\n<h4><span style=\"font-family: arial, helvetica, sans-serif; font-size: 12pt;\"><strong>AGB<\/strong><\/span><\/h4>\n<p><span style=\"font-family: arial, helvetica, sans-serif; font-size: 12pt;\">AGB f\u00fcr Hardware: <strong><span style=\"text-decoration: underline;\"><span style=\"color: #0000ff;\"><a style=\"color: #0000ff; text-decoration: underline;\" href=\"http:\/\/www.syspredl.com\/datafiles\/AGBH.pdf\" target=\"_blank\" rel=\"noopener noreferrer\">AGBH.pdf<\/a><\/span><\/span><\/strong><\/span><br \/>\n<span style=\"font-family: arial, helvetica, sans-serif; font-size: 12pt;\">AGB f\u00fcr Software: <strong><span style=\"text-decoration: underline;\"><span style=\"color: #0000ff;\"><a style=\"color: #0000ff; text-decoration: underline;\" href=\"http:\/\/www.syspredl.com\/datafiles\/AGBS.pdf\" target=\"_blank\" rel=\"noopener noreferrer\">AGBS.pdf<\/a><\/span><\/span><\/strong><\/span><\/p>\n<h4><span style=\"font-family: arial, helvetica, sans-serif; font-size: 12pt;\"><strong>Angaben zur Online-Streitbeilegung<\/strong><\/span><\/h4>\n<p><span style=\"font-family: arial, helvetica, sans-serif; font-size: 12pt;\">Verbraucher haben die M\u00f6glichkeit, Beschwerden an die OnlineStreitbeilegungsplattform der EU zu richten: http:\/\/ec.europa.eu\/odr.<\/span><br \/>\n<span style=\"font-family: arial, helvetica, sans-serif; font-size: 12pt;\">Sie k\u00f6nnen allf\u00e4llige Beschwerde auch an die oben angegebene E-Mail-Adresse richten.<\/span><\/p>\n<h3><span style=\"font-family: arial, helvetica, sans-serif; font-size: 12pt;\"><strong>Haftungsausschluss (Disclaimer)<\/strong><\/span><\/h3>\n<h5><span style=\"font-family: arial, helvetica, sans-serif; font-size: 12pt;\"><strong>Haftung f\u00fcr Inhalte<\/strong><\/span><\/h5>\n<p><span style=\"font-family: arial, helvetica, sans-serif; font-size: 12pt;\">Als Diensteanbieter sind wir gem\u00e4\u00df \u00a7 7 Abs.1 TMG f\u00fcr eigene Inhalte auf diesen Seiten nach den allgemeinen Gesetzen verantwortlich. Nach \u00a7\u00a7 8 bis 10 TMG sind wir als Diensteanbieter jedoch nicht verpflichtet, \u00fcbermittelte oder gespeicherte fremde Informationen zu \u00fcberwachen oder nach Umst\u00e4nden zu forschen, die auf eine rechtswidrige T\u00e4tigkeit hinweisen. Verpflichtungen zur Entfernung oder Sperrung der Nutzung von Informationen nach den allgemeinen Gesetzen bleiben hiervon unber\u00fchrt. Eine diesbez\u00fcgliche Haftung ist jedoch erst ab dem Zeitpunkt der Kenntnis einer konkreten Rechtsverletzung m\u00f6glich. Bei Bekanntwerden von entsprechenden Rechtsverletzungen werden wir diese Inhalte umgehend entfernen.<\/span><\/p>\n<h5><span style=\"font-family: arial, helvetica, sans-serif; font-size: 12pt;\"><strong>Haftung f\u00fcr Links<\/strong><\/span><\/h5>\n<p><span style=\"font-family: arial, helvetica, sans-serif; font-size: 12pt;\">Unser Angebot enth\u00e4lt Links zu externen Webseiten Dritter, auf deren Inhalte wir keinen Einfluss haben. Deshalb k\u00f6nnen wir f\u00fcr diese fremden Inhalte auch keine Gew\u00e4hr \u00fcbernehmen. F\u00fcr die Inhalte der verlinkten Seiten ist stets der jeweilige Anbieter oder Betreiber der Seiten verantwortlich. Die verlinkten Seiten wurden zum Zeitpunkt der Verlinkung auf m\u00f6gliche Rechtsverst\u00f6\u00dfe \u00fcberpr\u00fcft. Rechtswidrige Inhalte waren zum Zeitpunkt der Verlinkung nicht erkennbar. Eine permanente inhaltliche Kontrolle der verlinkten Seiten ist jedoch ohne konkrete Anhaltspunkte einer Rechtsverletzung nicht zumutbar. Bei Bekanntwerden von Rechtsverletzungen werden wir derartige Links umgehend entfernen.<\/span><\/p>\n<h5><span style=\"font-family: arial, helvetica, sans-serif; font-size: 12pt;\"><strong>Urheberrecht<\/strong><\/span><\/h5>\n<p><span style=\"font-family: arial, helvetica, sans-serif; font-size: 12pt;\">Die durch die Seitenbetreiber erstellten Inhalte und Werke auf diesen Seiten unterliegen dem \u00d6sterreichischen Urheberrecht. Die Vervielf\u00e4ltigung, Bearbeitung, Verbreitung und jede Art der Verwertung au\u00dferhalb der Grenzen des Urheberrechtes bed\u00fcrfen der schriftlichen Zustimmung des jeweiligen Autors bzw. Erstellers. Downloads und Kopien dieser Seite sind nur f\u00fcr den privaten, nicht kommerziellen Gebrauch gestattet. Soweit die Inhalte auf dieser Seite nicht vom Betreiber erstellt wurden, werden die Urheberrechte Dritter beachtet. Insbesondere werden Inhalte Dritter als solche gekennzeichnet. Sollten Sie trotzdem auf eine Urheberrechtsverletzung aufmerksam werden, bitten wir um einen entsprechenden Hinweis. Bei Bekanntwerden von Rechtsverletzungen werden wir derartige Inhalte umgehend entfernen.<\/span><\/p>\n<h5><span style=\"font-family: arial, helvetica, sans-serif; font-size: 12pt;\"><strong>Datenschutzerkl\u00e4rung f\u00fcr Cookies<\/strong><\/span><\/h5>\n<p><span style=\"font-family: arial, helvetica, sans-serif; font-size: 12pt;\">Unsere Website verwendet Cookies. Das sind kleine Textdateien, die es m\u00f6glich machen, auf dem Endger\u00e4t des Nutzers spezifische, auf den Nutzer bezogene Informationen zu speichern, w\u00e4hrend er die Website nutzt. Cookies erm\u00f6glichen es, insbesondere Nutzungsh\u00e4ufigkeit und Nutzeranzahl der Seiten zu ermitteln, Verhaltensweisen der Seitennutzung zu analysieren, aber auch unser Angebot kundenfreundlicher zu gestalten. Cookies bleiben \u00fcber das Ende einer Browser-Sitzung gespeichert und k\u00f6nnen bei einem erneuten Seitenbesuch wieder aufgerufen werden. Wenn Sie das nicht w\u00fcnschen, sollten Sie Ihren Internetbrowser so einstellen, dass er die Annahme von Cookies verweigert.<\/span><\/p>\n","protected":false},"excerpt":{"rendered":"<p>Die Angaben erfolgen gem\u00e4\u00df GewO, \u00a714 UGB, \u00a75 ECG und \u00a724 MedienG: Firmenwortlaut und Sitz des Unternehmens Systemhaus Predl Informationstechnologie-GesmbH Leebergstrasse 10 2004 Niederhollabrunn \u00d6sterreich Telefon (Bestellungen Zubeh\u00f6r, Ausk\u00fcnfte f\u00fcr Kauf-Interessenten, Buchhaltung usw.): +43 (0) 2269 &#8211; 21353 Hotline Kassen-Software: 0900 &#8211; 460 424 (Mehrwertnummer 1,56\u20ac \/ Minute, nur \u00f6sterreichweit Mo-Fr ab 17:00 erreichbar) Hotline [&hellip;]<\/p>\n","protected":false},"author":1,"featured_media":0,"parent":0,"menu_order":22,"comment_status":"closed","ping_status":"open","template":"page-s8c0d.php","meta":{"footnotes":""},"class_list":["post-13","page","type-page","status-publish","hentry"],"_links":{"self":[{"href":"https:\/\/backideal.com\/index.php\/wp-json\/wp\/v2\/pages\/13","targetHints":{"allow":["GET"]}}],"collection":[{"href":"https:\/\/backideal.com\/index.php\/wp-json\/wp\/v2\/pages"}],"about":[{"href":"https:\/\/backideal.com\/index.php\/wp-json\/wp\/v2\/types\/page"}],"author":[{"embeddable":true,"href":"https:\/\/backideal.com\/index.php\/wp-json\/wp\/v2\/users\/1"}],"replies":[{"embeddable":true,"href":"https:\/\/backideal.com\/index.php\/wp-json\/wp\/v2\/comments?post=13"}],"version-history":[{"count":4,"href":"https:\/\/backideal.com\/index.php\/wp-json\/wp\/v2\/pages\/13\/revisions"}],"predecessor-version":[{"id":55,"href":"https:\/\/backideal.com\/index.php\/wp-json\/wp\/v2\/pages\/13\/revisions\/55"}],"wp:attachment":[{"href":"https:\/\/backideal.com\/index.php\/wp-json\/wp\/v2\/media?parent=13"}],"curies":[{"name":"wp","href":"https:\/\/api.w.org\/{rel}","templated":true}]}}